{"id":5,"date":"2021-03-21T12:31:08","date_gmt":"2021-03-21T12:31:08","guid":{"rendered":"http:\/\/vshardegg-pleissing.ac.at\/?page_id=5"},"modified":"2021-03-21T17:32:51","modified_gmt":"2021-03-21T17:32:51","slug":"home","status":"publish","type":"page","link":"https:\/\/vshardegg-pleissing.ac.at\/","title":{"rendered":"Willkommen"},"content":{"rendered":"<p>in unserer Schule! Als \u00d6KOLOG-Schule besch\u00e4ftigen wir uns auch mit dem Thema Nachhaltigkeit.<\/p>\n<p>Schwerpunktprojekte zu verschiedenen Themen wie Wasser, Abfall, Energie, Gesundheit, Umwelt, usw. flie\u00dfen in den Unterricht mit ein.<\/p>\n<p>Dar\u00fcber hinaus bieten wir einen Schulchor und im Rahmen der Sprachenoffensive die unverbindliche \u00dcbung Tschechisch an.<\/p>\n<p>Ebenfalls hervorheben m\u00f6chten wir die Zusammenarbeit mit der Musikschule Retzer Land. Die Kinder der 3. und 4. Schulstufe haben im Rahmen des erweiterten Musikunterrichts die M\u00f6glichkeit, auf ihren Instrumenten zu spielen, ihre Fertigkeiten zu verbessern, Freude am gemeinsamen Musizieren zu entdecken und den Unterricht zu bereichern.<\/p>\n<p>Dank der guten Zusammenarbeit mit den Eltern, dem sehr aktiven Elternverein und der Gemeinde k\u00f6nnen wir Lehrkr\u00e4fte uns auf unsere p\u00e4dagogischen Aufgaben konzentrieren und diese zum Wohle unserer Sch\u00fcler und Sch\u00fclerinnen erf\u00fcllen.<\/p>\n<p>&nbsp;<\/p>\n","protected":false},"excerpt":{"rendered":"<p>in unserer Schule! Als \u00d6KOLOG-Schule besch\u00e4ftigen wir uns auch mit dem Thema Nachhaltigkeit. Schwerpunktprojekte zu verschiedenen Themen wie Wasser, Abfall, Energie, Gesundheit, Umwelt, usw. flie\u00dfen in den Unterricht mit ein. Dar\u00fcber hinaus bieten wir einen Schulchor und im Rahmen der Sprachenoffensive die unverbindliche \u00dcbung Tschechisch an. Ebenfalls hervorheben m\u00f6chten wir<\/p>\n","protected":false},"author":2,"featured_media":0,"parent":0,"menu_order":0,"comment_status":"closed","ping_status":"closed","template":"","meta":{"footnotes":""},"class_list":["post-5","page","type-page","status-publish","hentry"],"_links":{"self":[{"href":"https:\/\/vshardegg-pleissing.ac.at\/index.php?rest_route=\/wp\/v2\/pages\/5","targetHints":{"allow":["GET"]}}],"collection":[{"href":"https:\/\/vshardegg-pleissing.ac.at\/index.php?rest_route=\/wp\/v2\/pages"}],"about":[{"href":"https:\/\/vshardegg-pleissing.ac.at\/index.php?rest_route=\/wp\/v2\/types\/page"}],"author":[{"embeddable":true,"href":"https:\/\/vshardegg-pleissing.ac.at\/index.php?rest_route=\/wp\/v2\/users\/2"}],"replies":[{"embeddable":true,"href":"https:\/\/vshardegg-pleissing.ac.at\/index.php?rest_route=%2Fwp%2Fv2%2Fcomments&post=5"}],"version-history":[{"count":11,"href":"https:\/\/vshardegg-pleissing.ac.at\/index.php?rest_route=\/wp\/v2\/pages\/5\/revisions"}],"predecessor-version":[{"id":44,"href":"https:\/\/vshardegg-pleissing.ac.at\/index.php?rest_route=\/wp\/v2\/pages\/5\/revisions\/44"}],"wp:attachment":[{"href":"https:\/\/vshardegg-pleissing.ac.at\/index.php?rest_route=%2Fwp%2Fv2%2Fmedia&parent=5"}],"curies":[{"name":"wp","href":"https:\/\/api.w.org\/{rel}","templated":true}]}}